{"id":8,"date":"2024-08-14T05:56:48","date_gmt":"2024-08-14T05:56:48","guid":{"rendered":"https:\/\/coachoice.ee\/?page_id=8"},"modified":"2024-12-11T06:00:31","modified_gmt":"2024-12-11T06:00:31","slug":"8-2","status":"publish","type":"page","link":"https:\/\/coachoice.ee\/en\/","title":{"rendered":""},"content":{"rendered":"<div class=\"wp-block-group alignfull has-background-background-color has-background has-global-padding is-layout-constrained wp-container-core-group-is-layout-33e8f939 wp-block-group-is-layout-constrained\" style=\"margin-top:0;margin-bottom:0;padding-top:0;padding-right:var(--wp--preset--spacing--30);padding-bottom:0;padding-left:var(--wp--preset--spacing--30)\">\n<div class=\"wp-block-columns alignwide are-vertically-aligned-top is-layout-flex wp-container-core-columns-is-layout-47c06fe3 wp-block-columns-is-layout-flex\">\n<div class=\"wp-block-column is-vertically-aligned-top is-layout-flow wp-block-column-is-layout-flow\" style=\"flex-basis:55%\">\n<h1 class=\"wp-block-heading has-large-font-size\" style=\"font-style:normal;font-weight:300;line-height:1.3\"><em>There are no coincidences in life, only preparation and the ability to seize opportunities<\/em><\/h1>\n\n\n\n<p style=\"margin-top:16px\">Understanding that every situation stems from cause and effect, it\u2019s essential to live with intention by:<\/p>\n\n\n\n<ul class=\"wp-block-list\">\n<li>clearly defining your goals and actions;<\/li>\n\n\n\n<li>finding a trusted conversation partner to share and reflect on your thoughts;<\/li>\n\n\n\n<li>making conscious, well-considered decisions among the many choices you face.<\/li>\n<\/ul>\n\n\n\n<p style=\"margin-top:16px\">I\u2019m here to support you on this journey, providing space for your ideas and reflecting back your thoughts. I\u2019ll challenge you to take steps toward making the best choices for your future.<\/p>\n\n\n\n<div class=\"wp-block-group has-tertiary-background-color has-background has-global-padding is-layout-constrained wp-container-core-group-is-layout-a666d811 wp-block-group-is-layout-constrained\" style=\"padding-top:var(--wp--preset--spacing--40);padding-right:var(--wp--preset--spacing--40);padding-bottom:var(--wp--preset--spacing--40);padding-left:var(--wp--preset--spacing--40)\">\n<p class=\"has-text-align-center has-large-font-size\" style=\"line-height:1\">Contacts:<\/p>\n\n\n\n<p class=\"has-text-align-center has-medium-font-size\">E-mail: andresmarandi@gmail.com<\/p>\n\n\n\n<p class=\"has-text-align-center\">Select meeting here: <a href=\"https:\/\/calendly.com\/andresmarandi\">https:\/\/calendly.com\/andresmarand<\/a>i<\/p>\n\n\n\n<p class=\"has-text-align-center has-medium-font-size\">Phone: +372 56135128<\/p>\n<\/div>\n<\/div>\n\n\n\n<div class=\"wp-block-column is-vertically-aligned-top is-layout-flow wp-block-column-is-layout-flow\">\n<figure class=\"wp-block-image size-large\"><img loading=\"lazy\" decoding=\"async\" width=\"1024\" height=\"682\" src=\"https:\/\/coachoice.ee\/wp-content\/uploads\/2024\/08\/AndresMarandi-1024x682.jpeg\" alt=\"\" class=\"wp-image-9\" style=\"aspect-ratio:4\/3;object-fit:cover\" srcset=\"https:\/\/coachoice.ee\/wp-content\/uploads\/2024\/08\/AndresMarandi-1024x682.jpeg 1024w, https:\/\/coachoice.ee\/wp-content\/uploads\/2024\/08\/AndresMarandi-300x200.jpeg 300w, https:\/\/coachoice.ee\/wp-content\/uploads\/2024\/08\/AndresMarandi-768x512.jpeg 768w, https:\/\/coachoice.ee\/wp-content\/uploads\/2024\/08\/AndresMarandi-1536x1024.jpeg 1536w, https:\/\/coachoice.ee\/wp-content\/uploads\/2024\/08\/AndresMarandi.jpeg 2000w\" sizes=\"auto, (max-width: 1024px) 100vw, 1024px\" \/><figcaption class=\"wp-element-caption\">Foto: Peeter Paaver<\/figcaption><\/figure>\n\n\n\n<p class=\"has-text-align-center has-xx-large-font-size\" style=\"line-height:1\">Andres Marandi<\/p>\n\n\n\n<p class=\"has-text-align-center\" style=\"line-height:1.5\">Associate Certified Coach<br>Board Member of ICF Estonia<\/p>\n<\/div>\n<\/div>\n\n\n\n<div class=\"wp-block-columns alignwide is-layout-flex wp-container-core-columns-is-layout-28f84493 wp-block-columns-is-layout-flex\">\n<div class=\"wp-block-column is-layout-flow wp-block-column-is-layout-flow\" style=\"border-style:none;border-width:0px;padding-top:var(--wp--preset--spacing--20);padding-right:var(--wp--preset--spacing--20);padding-bottom:var(--wp--preset--spacing--20);padding-left:var(--wp--preset--spacing--20);box-shadow:var(--wp--preset--shadow--natural)\">\n<h6 class=\"wp-block-heading has-text-align-center\"><strong>Personal Coaching<\/strong><\/h6>\n\n\n\n<p class=\"has-small-font-size\" style=\"font-style:normal;font-weight:300\">Time for a Change? Are you tired of feeling stuck, unsure of your next move?<\/p>\n\n\n\n<p class=\"has-small-font-size\" style=\"font-style:normal;font-weight:300\">Coaching can help you gain clarity and focus on the areas of your life or career that need improvement.&nbsp;<\/p>\n\n\n\n<p class=\"has-small-font-size\" style=\"font-style:normal;font-weight:300\">By working with a coach, you\u2019ll uncover what\u2019s holding you back and get support in unlocking your full potential. During the initial session, you\u2019ll discuss what type of coaching is right for you and how it can lead to meaningful change. Ready to explore new possibilities?<\/p>\n<\/div>\n\n\n\n<div class=\"wp-block-column is-layout-flow wp-block-column-is-layout-flow\" style=\"padding-top:var(--wp--preset--spacing--20);padding-right:var(--wp--preset--spacing--20);padding-bottom:var(--wp--preset--spacing--20);padding-left:var(--wp--preset--spacing--20);box-shadow:var(--wp--preset--shadow--natural)\">\n<h6 class=\"wp-block-heading has-text-align-center\"><strong>Leadership Coaching<\/strong><\/h6>\n\n\n\n<p class=\"has-small-font-size\" style=\"font-style:normal;font-weight:300\">From the outside, it may seem like I have it all \u2013 career, family, home, and success. But there are times when I feel deeply alone. Who can I confide in when the tough choices arise?<\/p>\n\n\n\n<p class=\"has-small-font-size\" style=\"font-style:normal;font-weight:300\">If this resonates with you, reach out, and let\u2019s talk.<\/p>\n\n\n\n<p class=\"has-small-font-size\" style=\"font-style:normal;font-weight:300\">A Harvard Business Review study shows that nearly 50% of leaders feel isolated, with 61% believing it affects their performance. At the top, it\u2019s hard to find someone to share your struggles with, which is why many seek the support of coaches.<\/p>\n<\/div>\n\n\n\n<div class=\"wp-block-column is-layout-flow wp-block-column-is-layout-flow\" style=\"padding-top:var(--wp--preset--spacing--20);padding-right:var(--wp--preset--spacing--20);padding-bottom:var(--wp--preset--spacing--20);padding-left:var(--wp--preset--spacing--20);box-shadow:var(--wp--preset--shadow--natural)\">\n<h6 class=\"wp-block-heading has-text-align-center\"><strong>Team Coaching<\/strong><\/h6>\n\n\n\n<p class=\"has-small-font-size\" style=\"font-style:normal;font-weight:300\">Why is it important to be aware of your goals and actions? Because it creates a connection between what we want to achieve and what we are doing. When we are clearly aware of our goals, we can direct our energy and resources towards fulfilling them. It\u2019s not just about setting big goals but also taking small daily steps.<\/p>\n<\/div>\n\n\n\n<div class=\"wp-block-column is-layout-flow wp-block-column-is-layout-flow\" style=\"padding-top:var(--wp--preset--spacing--20);padding-right:var(--wp--preset--spacing--20);padding-bottom:var(--wp--preset--spacing--20);padding-left:var(--wp--preset--spacing--20);box-shadow:var(--wp--preset--shadow--natural)\">\n<h6 class=\"wp-block-heading has-text-align-center\"><strong>Conflict Management<\/strong><\/h6>\n\n\n\n<p class=\"has-small-font-size\" style=\"font-style:normal;font-weight:300\">People\u2019s opinions are shaped by their unique experiences, and while they might sometimes align with others, they can also differ. Conflict resolution requires negotiation, empathy, and mutual understanding to reach an agreement that works for everyone. In a conflict situation, it\u2019s vital to recognize the diverse backgrounds and perspectives that inform people\u2019s viewpoints.<\/p>\n\n\n\n<p class=\"has-small-font-size\" style=\"font-style:normal;font-weight:300\">If your team is struggling with conflict, reach out.<\/p>\n\n\n\n<p class=\"has-small-font-size\" style=\"font-style:normal;font-weight:300\">Aitan Teil oskuslikult lahendada konflikte, tunnustades, et igal inimesel on omad kogemused, mis kujundavad tema arvamusi ja seisukohti. Toetan teid l\u00e4bi l\u00e4bim\u00f5eldud l\u00e4bir\u00e4\u00e4kimiste ja vastastikuse m\u00f5istmise protsessi, aidates leida kompromissi ja luua lahendusi, mis rahuldavad k\u00f5iki osapooli. Minu eesm\u00e4rk on edendada konstruktiivset dialoogi et saavutada vastastikku aktsepteeritav tulemus.<\/p>\n<\/div>\n<\/div>\n\n\n\n<figure class=\"wp-block-audio\"><audio controls src=\"https:\/\/coachoice.ee\/wp-content\/uploads\/2024\/09\/True-Leadership.wav\"><\/audio><figcaption class=\"wp-element-caption\"><strong>What Is True Leadership?<\/strong><\/figcaption><\/figure>\n\n\n\n<figure class=\"wp-block-audio\"><audio controls src=\"https:\/\/coachoice.ee\/wp-content\/uploads\/2024\/09\/AfterSuccess.wav\"><\/audio><figcaption class=\"wp-element-caption\"><strong>Are you successful?<\/strong><\/figcaption><\/figure>\n\n\n\n<p style=\"text-align: center;\"><img loading=\"lazy\" decoding=\"async\" class=\"aligncenter wp-image-10\" src=\"https:\/\/coachoice.ee\/wp-content\/uploads\/2024\/08\/oylogo1-300x102.png\" alt=\"Coachoice\" width=\"138\" height=\"47\" srcset=\"https:\/\/coachoice.ee\/wp-content\/uploads\/2024\/08\/oylogo1-300x102.png 300w, https:\/\/coachoice.ee\/wp-content\/uploads\/2024\/08\/oylogo1-768x261.png 768w, https:\/\/coachoice.ee\/wp-content\/uploads\/2024\/08\/oylogo1.png 784w\" sizes=\"auto, (max-width: 138px) 100vw, 138px\" \/><br \/><span style=\"background-color: var(--wp--preset--color--background); color: var(--wp--preset--color--foreground); font-family: var(--wp--preset--font-family--inter); font-size: clamp(0.875rem, 0.7916rem + 0.417vw, 1.125rem);\">Coachoice O\u00dc is a partner of the Estonian Unemployment Insurance Fund, offering development coaching services.<\/span><\/p>\n<\/div>\n\n\n\n<p><\/p>","protected":false},"excerpt":{"rendered":"<p>Elus ei ole juhuseid, on ainult ettevalmistus ja soodsate v\u00f5imaluste \u00e4rakasutamine. Kuna iga olukorra taga on p\u00f5hjus-tagaj\u00e4rg seos, siis teadliku ja eesm\u00e4rgip\u00e4rase elu kujundamiseks on oluline: Minu eesm\u00e4rk on sind selles protsessis toetada, pakkudes sulle ruumi oma m\u00f5tete v\u00e4ljendamiseks ja peegeldades tagasi sinu m\u00f5tteid. Esitan sulle v\u00e4ljakutseid, mis motiveerivad sind astuma samme, mis aitavad sul [&hellip;]<\/p>\n","protected":false},"author":1,"featured_media":10,"parent":0,"menu_order":0,"comment_status":"closed","ping_status":"closed","template":"","meta":{"footnotes":""},"class_list":["post-8","page","type-page","status-publish","has-post-thumbnail","hentry"],"_links":{"self":[{"href":"https:\/\/coachoice.ee\/en\/wp-json\/wp\/v2\/pages\/8","targetHints":{"allow":["GET"]}}],"collection":[{"href":"https:\/\/coachoice.ee\/en\/wp-json\/wp\/v2\/pages"}],"about":[{"href":"https:\/\/coachoice.ee\/en\/wp-json\/wp\/v2\/types\/page"}],"author":[{"embeddable":true,"href":"https:\/\/coachoice.ee\/en\/wp-json\/wp\/v2\/users\/1"}],"replies":[{"embeddable":true,"href":"https:\/\/coachoice.ee\/en\/wp-json\/wp\/v2\/comments?post=8"}],"version-history":[{"count":28,"href":"https:\/\/coachoice.ee\/en\/wp-json\/wp\/v2\/pages\/8\/revisions"}],"predecessor-version":[{"id":65,"href":"https:\/\/coachoice.ee\/en\/wp-json\/wp\/v2\/pages\/8\/revisions\/65"}],"wp:featuredmedia":[{"embeddable":true,"href":"https:\/\/coachoice.ee\/en\/wp-json\/wp\/v2\/media\/10"}],"wp:attachment":[{"href":"https:\/\/coachoice.ee\/en\/wp-json\/wp\/v2\/media?parent=8"}],"curies":[{"name":"wp","href":"https:\/\/api.w.org\/{rel}","templated":true}]}}